{"id":762,"date":"2011-07-20T13:26:22","date_gmt":"2011-07-20T12:26:22","guid":{"rendered":"http:\/\/www.osemka.info\/?page_id=762"},"modified":"2013-10-05T10:38:02","modified_gmt":"2013-10-05T09:38:02","slug":"zasady","status":"publish","type":"page","link":"https:\/\/www.osemka.info\/?page_id=762","title":{"rendered":"Zasady"},"content":{"rendered":"<p>Zasady moich rejs\u00f3w.<\/p>\n<ol>\n<li>Rejsy s\u0105 organizowane w my\u015bl zasady non-profit. Za\u0142oga pokrywa koszty przelotu czarteru, ubezpieczenia jachtu i jedzenia jachtowego dla skippera \u2013 do knajp i alkoholu si\u0119 oczywi\u015bcie dok\u0142adam \ud83d\ude09<\/li>\n<li>Aby\u00a0wzi\u0105\u0107\u00a0udzia\u0142 w rejsie potrzebne jedynie jest zdrowie, dobry humor i ch\u0119ci do p\u0142ywania oraz zwiedzania,\u00a0\u015bpiewania, konsumowania &#8211; a\u00a0wszytko\u00a0to grupowo ;).<\/li>\n<li>Organizowane przeze mnie rejsy s\u0105 rejsami szkoleniowo-rekreacyjnymi. (to nie jest wycieczka \ud83d\ude09\u00a0Wszyscy cz\u0142onkowie rejsu s\u0105 <span style=\"text-decoration: underline;\">za\u0142og\u0105<\/span> i maj\u0105 swoje obowi\u0105zki na jachcie.\u00a0Po rejsie wystawiam opini\u0119 \u017ceglarsk\u0105 zgodn\u0105 ze standardem i wymaganiami PZ\u017b. Opinia taka pozwala na uzyskanie sta\u017cu na kolejne stopnie \u017ceglarskie.<\/li>\n<li>Rezerwacja miejsca na jachcie nast\u0119puj\u0119 po wp\u0142acie zaliczki okre\u015blonej indywidualnie dla ka\u017cdego rejsu. O dacie i\u00a0kolejno\u015bci\u00a0rezerwacji decyduje data wp\u0142aty na konto.<\/li>\n<li>Pomagam te\u017c w kupowaniu bilet\u00f3w lotniczych na nasze destynacje. Kupuj\u0119 bilety po dokonaniu wp\u0142aty a konto danego przelotu.<\/li>\n<li>Dla skrupulatnych, dociekliwych i formalist\u00f3w, a tak\u017ce dla siebie na\u00a0wszelki\u00a0wypadek przygotowa\u0142em <a href=\"http:\/\/www.osemka.info\/wp-content\/uploads\/2011\/07\/OWUwrejsach.pdf\">OWU w rejsach \u00f3Semka<\/a> i umow\u0119 (na maila).<\/li>\n<li>Wp\u0142aty w Euro.<br \/>\nPoprosz\u0119 o wp\u0142at\u0119 w z\u0142ot\u00f3wkach r\u00f3wnowarto\u015bci Euro wg kursu sprzeda\u017cy w BRE Banku S.A. z dnia przelewu.<\/p>\n<ol>\n<li>Wejd\u017a na stron\u0119 http:\/\/www.multibank.pl\/oplaty_i_kursy\/kursy_walut\/<\/li>\n<li>Sprawd\u017a kurs\u00a0<strong>sprzeda\u017cy<\/strong> EUR<\/li>\n<li>Przelicz kwot\u0119 za_rejs*kurs sprzeda\u017cy EUR = kwota r\u00f3wnowarto\u015b\u0107 w PLN<\/li>\n<li>Wykonaj przelew na obliczona kwot\u0119 (pkt.3) na rachunek MultiBank\u00a0 PL 26 1140 2017 0000 4802 0941 0343, Semko Dokt\u00f3r, ul. POLNA 12A, 05-084 LESZNO, POLSKA<\/li>\n<\/ol>\n<\/li>\n<p>&#8211; lub wp\u0142a\u0107 Euro\u00a0 na rachunek MultiBank IBAN\u00a0 PL 76 1140 2017 0000 4512 0062 7273, Numer BIC BREXPLPWMUL<\/p>\n<p>&#8211; lub przeka\u017c mi got\u00f3wk\u0119 na spotkaniu.<\/ol>\n","protected":false},"excerpt":{"rendered":"<p>Zasady moich rejs\u00f3w. Rejsy s\u0105 organizowane w my\u015bl zasady non-profit. Za\u0142oga pokrywa koszty przelotu czarteru, ubezpieczenia jachtu i jedzenia jachtowego dla skippera \u2013 do knajp i alkoholu si\u0119 oczywi\u015bcie dok\u0142adam \ud83d\ude09 Aby\u00a0wzi\u0105\u0107\u00a0udzia\u0142 w rejsie potrzebne jedynie jest zdrowie, dobry humor i ch\u0119ci do p\u0142ywania oraz zwiedzania,\u00a0\u015bpiewania, konsumowania &#8211; a\u00a0wszytko\u00a0to grupowo ;). Organizowane przeze mnie rejsy [&hellip;]<\/p>\n","protected":false},"author":1,"featured_media":0,"parent":971,"menu_order":2,"comment_status":"closed","ping_status":"closed","template":"","meta":{"footnotes":""},"class_list":["post-762","page","type-page","status-publish","hentry"],"_links":{"self":[{"href":"https:\/\/www.osemka.info\/index.php?rest_route=\/wp\/v2\/pages\/762"}],"collection":[{"href":"https:\/\/www.osemka.info\/index.php?rest_route=\/wp\/v2\/pages"}],"about":[{"href":"https:\/\/www.osemka.info\/index.php?rest_route=\/wp\/v2\/types\/page"}],"author":[{"embeddable":true,"href":"https:\/\/www.osemka.info\/index.php?rest_route=\/wp\/v2\/users\/1"}],"replies":[{"embeddable":true,"href":"https:\/\/www.osemka.info\/index.php?rest_route=%2Fwp%2Fv2%2Fcomments&post=762"}],"version-history":[{"count":13,"href":"https:\/\/www.osemka.info\/index.php?rest_route=\/wp\/v2\/pages\/762\/revisions"}],"predecessor-version":[{"id":782,"href":"https:\/\/www.osemka.info\/index.php?rest_route=\/wp\/v2\/pages\/762\/revisions\/782"}],"up":[{"embeddable":true,"href":"https:\/\/www.osemka.info\/index.php?rest_route=\/wp\/v2\/pages\/971"}],"wp:attachment":[{"href":"https:\/\/www.osemka.info\/index.php?rest_route=%2Fwp%2Fv2%2Fmedia&parent=762"}],"curies":[{"name":"wp","href":"https:\/\/api.w.org\/{rel}","templated":true}]}}